{"id":10,"date":"2025-10-21T11:07:27","date_gmt":"2025-10-21T11:07:27","guid":{"rendered":"https:\/\/xn--seliniekevikean-imbb18s.com\/?page_id=10"},"modified":"2025-10-21T18:24:55","modified_gmt":"2025-10-21T18:24:55","slug":"front-page","status":"publish","type":"page","link":"https:\/\/xn--seliniekevikean-imbb18s.com\/","title":{"rendered":"Home"},"content":{"rendered":"\n<main class=\"wp-block-group main-home-page is-layout-flow wp-container-core-group-is-layout-a525f7f5 wp-block-group-is-layout-flow\" style=\"margin-top:0;margin-bottom:0;padding-top:0;padding-right:0;padding-bottom:0;padding-left:0\">\n<div class=\"wp-block-group header-main-banner is-layout-flow wp-container-core-group-is-layout-5e28f8c7 wp-block-group-is-layout-flow\" style=\"min-height:0px;margin-top:0;margin-bottom:0;padding-top:0;padding-right:0;padding-bottom:0;padding-left:0\">\n<div class=\"wp-block-cover is-light hdrbanner-BX\" style=\"margin-top:0;margin-bottom:0;padding-top:var(--wp--preset--spacing--50);padding-right:var(--wp--preset--spacing--50);padding-bottom:var(--wp--preset--spacing--50);padding-left:var(--wp--preset--spacing--50);min-height:650px;aspect-ratio:unset;\"><img decoding=\"async\" class=\"wp-block-cover__image-background wp-image-3139\" alt=\"\" src=\"https:\/\/xn--seliniekevikean-imbb18s.com\/wp-content\/themes\/greenvista-fse\/assets\/images\/header-banner.jpg\" data-object-fit=\"cover\"\/><span aria-hidden=\"true\" class=\"wp-block-cover__background has-background-dim-0 has-background-dim\" style=\"background-color:#f4a38a\"><\/span><div class=\"wp-block-cover__inner-container is-layout-flow wp-container-core-cover-is-layout-942cde84 wp-block-cover-is-layout-flow\">\n<div class=\"wp-block-group bannerInfo is-content-justification-center is-layout-constrained wp-container-core-group-is-layout-bc507c47 wp-block-group-is-layout-constrained\" style=\"margin-top:0;margin-bottom:0;padding-top:0;padding-right:0;padding-bottom:0;padding-left:0\">\n<h2 class=\"wp-block-heading has-text-align-left has-foreground-color has-text-color has-link-color has-poppins-font-family wp-elements-61487c6b7ad54f7c28978a17224450c1\" style=\"margin-bottom:var(--wp--preset--spacing--60);font-size:60px;font-style:normal;font-weight:700;line-height:1.1\">EN G\u00dcZEL \u00c7\u0130\u00c7EKLER\u0130M\u0130Z S\u0130Z\u0130N \u0130\u00c7\u0130N<\/h2>\n\n\n\n<div class=\"wp-block-buttons is-content-justification-left is-layout-flex wp-container-core-buttons-is-layout-6e9f73ed wp-block-buttons-is-layout-flex\">\n<div class=\"wp-block-button is-style-fill\"><a class=\"wp-block-button__link has-foreground-background-color has-text-color has-background has-inter-font-family has-text-align-center has-custom-font-size wp-element-button\" href=\"#\" style=\"border-radius:50px;color:#282828;padding-top:var(--wp--preset--spacing--40);padding-right:var(--wp--preset--spacing--60);padding-bottom:var(--wp--preset--spacing--40);padding-left:var(--wp--preset--spacing--60);font-size:18px\">\u00c7e\u015fitlerimiz<\/a><\/div>\n<\/div>\n<\/div>\n<\/div><\/div>\n<\/div>\n\n\n\n<div class=\"wp-block-group fse-sections-01 has-background is-layout-flow wp-block-group-is-layout-flow\" style=\"background-color:#f3f4ef;padding-top:0;padding-right:var(--wp--preset--spacing--50);padding-bottom:var(--wp--preset--spacing--80);padding-left:var(--wp--preset--spacing--50)\">\n<div class=\"wp-block-group is-layout-constrained wp-container-core-group-is-layout-a4c69c57 wp-block-group-is-layout-constrained\">\n<div class=\"wp-block-columns gv-4-column-row is-layout-flex wp-container-core-columns-is-layout-28f84493 wp-block-columns-is-layout-flex\">\n<div class=\"wp-block-column Eng4box has-body-text-color has-foreground-background-color has-text-color has-background has-link-color wp-elements-a1cd493d80f7abfeb0ddb471fdbf9414 is-layout-flow wp-block-column-is-layout-flow\" style=\"border-radius:10px;padding-top:var(--wp--preset--spacing--60);padding-right:var(--wp--preset--spacing--40);padding-bottom:var(--wp--preset--spacing--60);padding-left:var(--wp--preset--spacing--40);box-shadow:var(--wp--preset--shadow--deep)\">\n<figure class=\"wp-block-image aligncenter size-full\"><img loading=\"lazy\" decoding=\"async\" width=\"560\" height=\"644\" src=\"https:\/\/xn--seliniekevikean-imbb18s.com\/wp-content\/uploads\/2025\/10\/kiz-isteme-buket1994.png\" alt=\"\" class=\"wp-image-41\" srcset=\"https:\/\/xn--seliniekevikean-imbb18s.com\/wp-content\/uploads\/2025\/10\/kiz-isteme-buket1994.png 560w, https:\/\/xn--seliniekevikean-imbb18s.com\/wp-content\/uploads\/2025\/10\/kiz-isteme-buket1994-261x300.png 261w\" sizes=\"auto, (max-width: 560px) 100vw, 560px\" \/><\/figure>\n\n\n\n<h4 class=\"wp-block-heading has-text-align-center has-text-color has-link-color has-playfair-display-font-family wp-elements-ac12f637b2d64b2ad6fdad2fb44e671e\" style=\"color:#254252;font-size:20px;line-height:1.2\">K\u0131z isteme \u00e7i\u00e7ekleri<\/h4>\n\n\n\n<p><\/p>\n<\/div>\n\n\n\n<div class=\"wp-block-column Eng4box has-body-text-color has-foreground-background-color has-text-color has-background has-link-color wp-elements-bf883ac15b50aa3e2717bd8ad54b748f is-layout-flow wp-block-column-is-layout-flow\" style=\"border-radius:10px;padding-top:var(--wp--preset--spacing--60);padding-right:var(--wp--preset--spacing--40);padding-bottom:var(--wp--preset--spacing--60);padding-left:var(--wp--preset--spacing--40);box-shadow:var(--wp--preset--shadow--deep)\">\n<figure class=\"wp-block-image aligncenter size-full\"><img loading=\"lazy\" decoding=\"async\" width=\"500\" height=\"500\" src=\"https:\/\/xn--seliniekevikean-imbb18s.com\/wp-content\/uploads\/2025\/10\/celenk5-500x500-1.jpg\" alt=\"\" class=\"wp-image-40\" srcset=\"https:\/\/xn--seliniekevikean-imbb18s.com\/wp-content\/uploads\/2025\/10\/celenk5-500x500-1.jpg 500w, https:\/\/xn--seliniekevikean-imbb18s.com\/wp-content\/uploads\/2025\/10\/celenk5-500x500-1-300x300.jpg 300w, https:\/\/xn--seliniekevikean-imbb18s.com\/wp-content\/uploads\/2025\/10\/celenk5-500x500-1-150x150.jpg 150w\" sizes=\"auto, (max-width: 500px) 100vw, 500px\" \/><\/figure>\n\n\n\n<h4 class=\"wp-block-heading has-text-align-center has-text-color has-link-color has-playfair-display-font-family wp-elements-768a08986a990eae54f1524c2a147a02\" style=\"color:#254252;font-size:20px;line-height:1.2\">\u00c7elenk \u00e7e\u015fitleri<\/h4>\n<\/div>\n\n\n\n<div class=\"wp-block-column Eng4box has-body-text-color has-foreground-background-color has-text-color has-background has-link-color wp-elements-945fe48154ae3e360f71d3838766a5c1 is-layout-flow wp-block-column-is-layout-flow\" style=\"border-radius:10px;padding-top:var(--wp--preset--spacing--60);padding-right:var(--wp--preset--spacing--40);padding-bottom:var(--wp--preset--spacing--60);padding-left:var(--wp--preset--spacing--40);box-shadow:var(--wp--preset--shadow--deep)\">\n<figure class=\"wp-block-image aligncenter size-full\"><img loading=\"lazy\" decoding=\"async\" width=\"453\" height=\"640\" src=\"http:\/\/xn--seliniekevikean-imbb18s.com\/wp-content\/uploads\/2025\/10\/pngwing.com_.png\" alt=\"\" class=\"wp-image-31\" srcset=\"https:\/\/xn--seliniekevikean-imbb18s.com\/wp-content\/uploads\/2025\/10\/pngwing.com_.png 453w, https:\/\/xn--seliniekevikean-imbb18s.com\/wp-content\/uploads\/2025\/10\/pngwing.com_-212x300.png 212w\" sizes=\"auto, (max-width: 453px) 100vw, 453px\" \/><\/figure>\n\n\n\n<h4 class=\"wp-block-heading has-text-align-center has-text-color has-link-color has-playfair-display-font-family wp-elements-36d0d8d95dd221025858894e7b37d702\" style=\"color:#254252;font-size:20px;line-height:1.2\">Taziye \u00e7i\u00e7ekleri<\/h4>\n<\/div>\n\n\n\n<div class=\"wp-block-column Eng4box has-body-text-color has-foreground-background-color has-text-color has-background has-link-color wp-elements-fc648393eac2f597018e7533bbefb151 is-layout-flow wp-block-column-is-layout-flow\" style=\"border-radius:10px;padding-top:var(--wp--preset--spacing--60);padding-right:var(--wp--preset--spacing--40);padding-bottom:var(--wp--preset--spacing--60);padding-left:var(--wp--preset--spacing--40);box-shadow:var(--wp--preset--shadow--deep)\">\n<figure class=\"wp-block-image aligncenter size-full\"><img loading=\"lazy\" decoding=\"async\" width=\"1566\" height=\"1600\" src=\"https:\/\/xn--seliniekevikean-imbb18s.com\/wp-content\/uploads\/2025\/10\/pngwing.com-1.png\" alt=\"\" class=\"wp-image-38\" srcset=\"https:\/\/xn--seliniekevikean-imbb18s.com\/wp-content\/uploads\/2025\/10\/pngwing.com-1.png 1566w, https:\/\/xn--seliniekevikean-imbb18s.com\/wp-content\/uploads\/2025\/10\/pngwing.com-1-294x300.png 294w, https:\/\/xn--seliniekevikean-imbb18s.com\/wp-content\/uploads\/2025\/10\/pngwing.com-1-1002x1024.png 1002w, https:\/\/xn--seliniekevikean-imbb18s.com\/wp-content\/uploads\/2025\/10\/pngwing.com-1-768x785.png 768w, https:\/\/xn--seliniekevikean-imbb18s.com\/wp-content\/uploads\/2025\/10\/pngwing.com-1-1503x1536.png 1503w\" sizes=\"auto, (max-width: 1566px) 100vw, 1566px\" \/><\/figure>\n\n\n\n<h4 class=\"wp-block-heading has-text-align-center has-text-color has-link-color has-playfair-display-font-family wp-elements-6f96dc52b19f8f63fa3a4beca830aa16\" style=\"color:#254252;font-size:20px;line-height:1.2\">Buketler<\/h4>\n<\/div>\n\n\n\n<div class=\"wp-block-column Eng4box has-body-text-color has-primary-background-color has-text-color has-background has-link-color wp-elements-f899bf09387b4db448cb4a5339c7064f is-layout-flow wp-block-column-is-layout-flow\" style=\"border-radius:10px;padding-top:var(--wp--preset--spacing--60);padding-right:var(--wp--preset--spacing--40);padding-bottom:var(--wp--preset--spacing--60);padding-left:var(--wp--preset--spacing--40);box-shadow:var(--wp--preset--shadow--deep)\">\n<figure class=\"wp-block-image aligncenter size-full\"><a href=\"#\"><img decoding=\"async\" src=\"https:\/\/xn--seliniekevikean-imbb18s.com\/wp-content\/themes\/greenvista-fse\/assets\/images\/gv-more-btn.png\" alt=\"\" class=\"wp-image-4633\"\/><\/a><\/figure>\n\n\n\n<h4 class=\"wp-block-heading has-text-align-center has-foreground-color has-text-color has-link-color has-playfair-display-font-family wp-elements-266caa3c36c2b7180c600d899afdfc5f\" style=\"font-size:20px;line-height:1.2\"><a href=\"#\">T\u00fcm \u00c7i\u00e7ek \u00c7e\u015fitleri<\/a><\/h4>\n<\/div>\n<\/div>\n<\/div>\n<\/div>\n\n\n\n<div class=\"wp-block-group fse-sections-02 has-foreground-background-color has-background is-layout-flow wp-block-group-is-layout-flow\" style=\"padding-top:var(--wp--preset--spacing--80);padding-right:var(--wp--preset--spacing--50);padding-bottom:var(--wp--preset--spacing--80);padding-left:var(--wp--preset--spacing--50)\">\n<div class=\"wp-block-group is-layout-constrained wp-container-core-group-is-layout-a4c69c57 wp-block-group-is-layout-constrained\">\n<div class=\"wp-block-columns is-layout-flex wp-container-core-columns-is-layout-28f84493 wp-block-columns-is-layout-flex\">\n<div class=\"wp-block-column is-layout-flow wp-block-column-is-layout-flow\" style=\"flex-basis:48%\">\n<figure class=\"wp-block-image size-full has-custom-border\"><img loading=\"lazy\" decoding=\"async\" width=\"2560\" height=\"1707\" src=\"https:\/\/xn--seliniekevikean-imbb18s.com\/wp-content\/uploads\/2025\/10\/pexels-markus-winkler-1430818-2818235-1-scaled.jpg\" alt=\"\" class=\"wp-image-24\" style=\"border-top-left-radius:200px;border-top-right-radius:0px;border-bottom-left-radius:0px;border-bottom-right-radius:0px\" srcset=\"https:\/\/xn--seliniekevikean-imbb18s.com\/wp-content\/uploads\/2025\/10\/pexels-markus-winkler-1430818-2818235-1-scaled.jpg 2560w, https:\/\/xn--seliniekevikean-imbb18s.com\/wp-content\/uploads\/2025\/10\/pexels-markus-winkler-1430818-2818235-1-300x200.jpg 300w, https:\/\/xn--seliniekevikean-imbb18s.com\/wp-content\/uploads\/2025\/10\/pexels-markus-winkler-1430818-2818235-1-1024x683.jpg 1024w, https:\/\/xn--seliniekevikean-imbb18s.com\/wp-content\/uploads\/2025\/10\/pexels-markus-winkler-1430818-2818235-1-768x512.jpg 768w, https:\/\/xn--seliniekevikean-imbb18s.com\/wp-content\/uploads\/2025\/10\/pexels-markus-winkler-1430818-2818235-1-1536x1024.jpg 1536w, https:\/\/xn--seliniekevikean-imbb18s.com\/wp-content\/uploads\/2025\/10\/pexels-markus-winkler-1430818-2818235-1-2048x1366.jpg 2048w\" sizes=\"auto, (max-width: 2560px) 100vw, 2560px\" \/><\/figure>\n<\/div>\n\n\n\n<div class=\"wp-block-column is-layout-flow wp-block-column-is-layout-flow\" style=\"flex-basis:4%\"><\/div>\n\n\n\n<div class=\"wp-block-column is-layout-flow wp-block-column-is-layout-flow\" style=\"flex-basis:48%\">\n<h5 class=\"wp-block-heading has-primary-color has-text-color has-link-color has-inter-font-family wp-elements-db0c656b118d6a1d9d592b937d4a731e\" style=\"margin-top:0;margin-bottom:0;font-size:18px\">Selin \u00c7i\u00e7ek Evimize ho\u015f Geldiniz<\/h5>\n\n\n\n<h2 class=\"wp-block-heading has-text-color has-link-color wp-elements-da9cc3b611e74e6bd467cd06defdf208\" style=\"color:#254252;margin-top:var(--wp--preset--spacing--30);margin-bottom:var(--wp--preset--spacing--30);font-size:42px;line-height:1\">\u00d6zel G\u00fcnlerinizi Renklendirmek \u0130\u00e7in Var\u0131z<\/h2>\n\n\n\n<p>D\u00fc\u011f\u00fcn Ni\u015fan K\u0131z \u0130steme Taziye Ge\u00e7mi\u015f olsun Do\u011fum g\u00fcn\u00fc Bebek do\u011fumu gibi \u00f6zel g\u00fcnlerinizde \u00fcz\u00fcnt\u00fcn\u00fczde sevincinizde yan\u0131n\u0131zday\u0131z&#8230;<\/p>\n\n\n\n<div class=\"wp-block-columns is-layout-flex wp-container-core-columns-is-layout-3e1d588b wp-block-columns-is-layout-flex\" style=\"margin-top:var(--wp--preset--spacing--70)\">\n<div class=\"wp-block-column has-background is-layout-flow wp-block-column-is-layout-flow\" style=\"border-radius:10px;background-color:#f3f4ef;padding-top:var(--wp--preset--spacing--70);padding-right:var(--wp--preset--spacing--30);padding-bottom:var(--wp--preset--spacing--70);padding-left:var(--wp--preset--spacing--30)\">\n<figure class=\"wp-block-image aligncenter size-full\"><img decoding=\"async\" src=\"https:\/\/xn--seliniekevikean-imbb18s.com\/wp-content\/themes\/greenvista-fse\/assets\/images\/gv_welcom_image1.jpg\" alt=\"\" class=\"wp-image-4648\"\/><\/figure>\n\n\n\n<h5 class=\"wp-block-heading has-text-align-center has-text-color has-link-color wp-elements-405936a7fe19724eb19e0adbfcbb7c05\" style=\"color:#254252;margin-top:var(--wp--preset--spacing--40);margin-bottom:var(--wp--preset--spacing--40);font-size:22px\">\u00c7i\u00e7ek Se\u00e7imi<\/h5>\n\n\n\n<p class=\"has-text-align-center\" style=\"margin-top:0;margin-bottom:0\">\u00d6zel g\u00fcnlerinizdeki \u00e7i\u00e7ek se\u00e7imleriniz i\u00e7in \u00f6nerilerimiz.<\/p>\n<\/div>\n\n\n\n<div class=\"wp-block-column has-background is-layout-flow wp-block-column-is-layout-flow\" style=\"border-radius:10px;background-color:#f3f4ef;padding-top:var(--wp--preset--spacing--70);padding-right:var(--wp--preset--spacing--30);padding-bottom:var(--wp--preset--spacing--70);padding-left:var(--wp--preset--spacing--30)\">\n<figure class=\"wp-block-image aligncenter size-full\"><img decoding=\"async\" src=\"https:\/\/xn--seliniekevikean-imbb18s.com\/wp-content\/themes\/greenvista-fse\/assets\/images\/gv_welcom_image2.jpg\" alt=\"\" class=\"wp-image-4705\"\/><\/figure>\n\n\n\n<h5 class=\"wp-block-heading has-text-align-center has-text-color has-link-color wp-elements-0e3a3e1ca1f9004f3c9f6403fbac30a4\" style=\"color:#254252;margin-top:var(--wp--preset--spacing--40);margin-bottom:var(--wp--preset--spacing--40);font-size:22px\">\u00c7elenk Se\u00e7imi<\/h5>\n\n\n\n<p class=\"has-text-align-center\" style=\"margin-top:0;margin-bottom:0\">\u00c7elenk se\u00e7imi \u00f6nerilerimiz<\/p>\n<\/div>\n<\/div>\n<\/div>\n<\/div>\n<\/div>\n<\/div>\n\n\n\n<div class=\"wp-block-group alignfull is-content-justification-center is-layout-constrained wp-block-group-is-layout-constrained\" style=\"margin-top:0;margin-bottom:0\">\n<div style=\"height:var(--wp--preset--spacing--20)\" aria-hidden=\"true\" class=\"wp-block-spacer\"><\/div>\n\n\n\n<div class=\"wp-block-group alignwide is-layout-flow wp-block-group-is-layout-flow\">\n<div class=\"wp-block-columns alignwide are-vertically-aligned-top is-layout-flex wp-container-core-columns-is-layout-5c8fb865 wp-block-columns-is-layout-flex\">\n<div class=\"wp-block-column is-vertically-aligned-top is-content-justification-left is-layout-constrained wp-container-core-column-is-layout-95996b15 wp-block-column-is-layout-constrained\">\n<h2 class=\"wp-block-heading\">\u00c7i\u00e7ek bak\u0131m\u0131 ve sat\u0131n al\u0131nan \u00e7i\u00e7ekler i\u00e7in yap\u0131lmas\u0131 gerekenler.<\/h2>\n<\/div>\n\n\n\n<div class=\"wp-block-column is-vertically-aligned-top is-layout-flow wp-block-column-is-layout-flow\" style=\"flex-basis:40%\">\n<p>Sat\u0131n ald\u0131\u011f\u0131n\u0131z yada hediye gelen canl\u0131 \u00e7i\u00e7ekler i\u00e7in yap\u0131lmas\u0131 gereken gereken besleme budama sulama i\u015flemleri gerekmektedir .<\/p>\n\n\n\n<div class=\"wp-block-buttons is-layout-flex wp-block-buttons-is-layout-flex\">\n<div class=\"wp-block-button\"><a class=\"wp-block-button__link wp-element-button\">Ba\u015flay\u0131n<\/a><\/div>\n<\/div>\n<\/div>\n<\/div>\n\n\n\n<div style=\"height:var(--wp--preset--spacing--20)\" aria-hidden=\"true\" class=\"wp-block-spacer\"><\/div>\n\n\n\n<figure class=\"wp-block-image size-large\"><img loading=\"lazy\" decoding=\"async\" width=\"1024\" height=\"683\" src=\"https:\/\/xn--seliniekevikean-imbb18s.com\/wp-content\/uploads\/2025\/10\/pexels-markus-winkler-1430818-2818235-1024x683.jpg\" alt=\"\" class=\"wp-image-22\" style=\"aspect-ratio:16\/9;object-fit:cover\" srcset=\"https:\/\/xn--seliniekevikean-imbb18s.com\/wp-content\/uploads\/2025\/10\/pexels-markus-winkler-1430818-2818235-1024x683.jpg 1024w, https:\/\/xn--seliniekevikean-imbb18s.com\/wp-content\/uploads\/2025\/10\/pexels-markus-winkler-1430818-2818235-300x200.jpg 300w, https:\/\/xn--seliniekevikean-imbb18s.com\/wp-content\/uploads\/2025\/10\/pexels-markus-winkler-1430818-2818235-768x512.jpg 768w, https:\/\/xn--seliniekevikean-imbb18s.com\/wp-content\/uploads\/2025\/10\/pexels-markus-winkler-1430818-2818235-1536x1024.jpg 1536w, https:\/\/xn--seliniekevikean-imbb18s.com\/wp-content\/uploads\/2025\/10\/pexels-markus-winkler-1430818-2818235-2048x1366.jpg 2048w\" sizes=\"auto, (max-width: 1024px) 100vw, 1024px\" \/><\/figure>\n<\/div>\n\n\n\n<div style=\"height:var(--wp--preset--spacing--20)\" aria-hidden=\"true\" class=\"wp-block-spacer\"><\/div>\n<\/div>\n<\/main>\n","protected":false},"excerpt":{"rendered":"<p>K\u0131z isteme \u00e7i\u00e7ekleri \u00c7elenk \u00e7e\u015fitleri Taziye \u00e7i\u00e7ekleri Buketler T\u00fcm \u00c7i\u00e7ek \u00c7e\u015fitleri Selin \u00c7i\u00e7ek Evimize ho\u015f Geldiniz \u00d6zel G\u00fcnlerinizi Renklendirmek \u0130\u00e7in Var\u0131z D\u00fc\u011f\u00fcn Ni\u015fan K\u0131z \u0130steme Taziye Ge\u00e7mi\u015f olsun Do\u011fum g\u00fcn\u00fc Bebek do\u011fumu gibi \u00f6zel g\u00fcnlerinizde \u00fcz\u00fcnt\u00fcn\u00fczde sevincinizde yan\u0131n\u0131zday\u0131z&#8230; \u00c7i\u00e7ek Se\u00e7imi \u00d6zel g\u00fcnlerinizdeki \u00e7i\u00e7ek se\u00e7imleriniz i\u00e7in \u00f6nerilerimiz. \u00c7elenk Se\u00e7imi \u00c7elenk se\u00e7imi \u00f6nerilerimiz \u00c7i\u00e7ek bak\u0131m\u0131 ve sat\u0131n [&hellip;]<\/p>\n","protected":false},"author":1,"featured_media":0,"parent":0,"menu_order":0,"comment_status":"closed","ping_status":"closed","template":"","meta":{"om_disable_all_campaigns":false,"_monsterinsights_skip_tracking":false,"_monsterinsights_sitenote_active":false,"_monsterinsights_sitenote_note":"","_monsterinsights_sitenote_category":0,"footnotes":""},"class_list":["post-10","page","type-page","status-publish","hentry"],"aioseo_notices":[],"_links":{"self":[{"href":"https:\/\/xn--seliniekevikean-imbb18s.com\/index.php?rest_route=\/wp\/v2\/pages\/10","targetHints":{"allow":["GET"]}}],"collection":[{"href":"https:\/\/xn--seliniekevikean-imbb18s.com\/index.php?rest_route=\/wp\/v2\/pages"}],"about":[{"href":"https:\/\/xn--seliniekevikean-imbb18s.com\/index.php?rest_route=\/wp\/v2\/types\/page"}],"author":[{"embeddable":true,"href":"https:\/\/xn--seliniekevikean-imbb18s.com\/index.php?rest_route=\/wp\/v2\/users\/1"}],"replies":[{"embeddable":true,"href":"https:\/\/xn--seliniekevikean-imbb18s.com\/index.php?rest_route=%2Fwp%2Fv2%2Fcomments&post=10"}],"version-history":[{"count":16,"href":"https:\/\/xn--seliniekevikean-imbb18s.com\/index.php?rest_route=\/wp\/v2\/pages\/10\/revisions"}],"predecessor-version":[{"id":43,"href":"https:\/\/xn--seliniekevikean-imbb18s.com\/index.php?rest_route=\/wp\/v2\/pages\/10\/revisions\/43"}],"wp:attachment":[{"href":"https:\/\/xn--seliniekevikean-imbb18s.com\/index.php?rest_route=%2Fwp%2Fv2%2Fmedia&parent=10"}],"curies":[{"name":"wp","href":"https:\/\/api.w.org\/{rel}","templated":true}]}}